{"id":9206,"date":"2024-07-22T17:39:59","date_gmt":"2024-07-22T14:39:59","guid":{"rendered":"https:\/\/anmarialuxury.com\/?page_id=9206"},"modified":"2025-06-02T12:51:11","modified_gmt":"2025-06-02T09:51:11","slug":"lefkada-suite-villas-contactenos","status":"publish","type":"page","link":"https:\/\/anmarialuxury.com\/es\/lefkada-suite-villas-contactenos\/","title":{"rendered":"Cont\u00e1ctenos"},"content":{"rendered":"\t\t<div data-elementor-type=\"wp-page\" data-elementor-id=\"9206\" class=\"elementor elementor-9206 elementor-2102\">\n\t\t\t\t\t\t\t\t\t<section class=\"elementor-section elementor-top-section elementor-element elementor-element-870f456 elementor-section-boxed elementor-section-gap-beside-yes elementor-section-height-default elementor-section-height-default elementor-section-column-vertical-align-stretch\" data-id=\"870f456\" data-element_type=\"section\">\n\t\t\t\t\t\t<div class=\"elementor-container elementor-column-gap-extended\">\n\t\t\t\t\t<div class=\"elementor-column elementor-col-100 elementor-top-column elementor-element elementor-element-e6495f0\" data-id=\"e6495f0\" data-element_type=\"column\">\n\t\t\t<div class=\"elementor-widget-wrap elementor-element-populated\">\n\t\t\t\t\t\t\t\t<div class=\"elementor-element elementor-element-5055c26 elementor-widget__width-initial elementor-invisible elementor-widget elementor-widget-text-editor\" data-id=\"5055c26\" data-element_type=\"widget\" data-settings=\"{&quot;_animation&quot;:&quot;nussFadeInUp&quot;}\" data-widget_type=\"text-editor.default\">\n\t\t\t\t<div class=\"elementor-widget-container\">\n\t\t\t<style>\/*! elementor - v3.15.0 - 31-07-2023 *\/\n.elementor-widget-text-editor.elementor-drop-cap-view-stacked .elementor-drop-cap{background-color:#69727d;color:#fff}.elementor-widget-text-editor.elementor-drop-cap-view-framed .elementor-drop-cap{color:#69727d;border:3px solid;background-color:transparent}.elementor-widget-text-editor:not(.elementor-drop-cap-view-default) .elementor-drop-cap{margin-top:8px}.elementor-widget-text-editor:not(.elementor-drop-cap-view-default) .elementor-drop-cap-letter{width:1em;height:1em}.elementor-widget-text-editor .elementor-drop-cap{float:left;text-align:center;line-height:1;font-size:50px}.elementor-widget-text-editor .elementor-drop-cap-letter{display:inline-block}<\/style>\t\t\t\t<p>Necesita ayuda con su Reserva, tiene alguna pregunta o necesita m\u00e1s informaci\u00f3n? Por favor cont\u00e1ctenos!<\/p>\t\t\t\t\t\t<\/div>\n\t\t\t\t<\/div>\n\t\t\t\t\t<\/div>\n\t\t<\/div>\n\t\t\t\t\t\t\t<\/div>\n\t\t<\/section>\n\t\t\t\t<section class=\"elementor-section elementor-top-section elementor-element elementor-element-b59f2d5 elementor-section-height-min-height elementor-section-stretched elementor-section-items-stretch elementor-section-boxed elementor-section-height-default elementor-section-column-vertical-align-stretch\" data-id=\"b59f2d5\" data-element_type=\"section\" data-settings=\"{&quot;stretch_section&quot;:&quot;section-stretched&quot;}\">\n\t\t\t\t\t\t<div class=\"elementor-container elementor-column-gap-no\">\n\t\t\t\t\t<div class=\"elementor-column elementor-col-50 elementor-top-column elementor-element elementor-element-9b694bd\" data-id=\"9b694bd\" data-element_type=\"column\">\n\t\t\t<div class=\"elementor-widget-wrap elementor-element-populated\">\n\t\t\t\t\t\t\t\t<section class=\"elementor-section elementor-inner-section elementor-element elementor-element-8c36066 elementor-section-boxed elementor-section-height-default elementor-section-height-default elementor-section-column-vertical-align-stretch\" data-id=\"8c36066\" data-element_type=\"section\">\n\t\t\t\t\t\t<div class=\"elementor-container elementor-column-gap-no\">\n\t\t\t\t\t<div class=\"elementor-column elementor-col-100 elementor-inner-column elementor-element elementor-element-5706400\" data-id=\"5706400\" data-element_type=\"column\">\n\t\t\t<div class=\"elementor-widget-wrap elementor-element-populated\">\n\t\t\t\t\t\t\t\t<div class=\"elementor-element elementor-element-dbe64e0 elementor-invisible elementor-widget elementor-widget-nuss-heading\" data-id=\"dbe64e0\" data-element_type=\"widget\" data-settings=\"{&quot;_animation&quot;:&quot;nussFadeInUp&quot;}\" data-widget_type=\"nuss-heading.default\">\n\t\t\t\t<div class=\"elementor-widget-container\">\n\t\t\t\t\t<div class=\"nuss-modern-heading\">\r\n\t\t\t\r\n\t\t\t\t\t<div class=\"heading-primary-wrap\">\r\n\t\t\t<h4 class=\"heading-primary elementor-heading-title\">CONT\u00c1CTENOS<\/h4>\t\t<\/div>\r\n\t\t\r\n\t\t\t\t\t<div class=\"heading-divider-wrap\">\r\n\t\t\t<div class=\"heading-divider\" style=\"left: 0px;top: 6px\"><\/div>\r\n\t\t<\/div>\r\n\t    \r\n\t\t\t\t\t<\/div>\r\n\t\t\t\t<\/div>\n\t\t\t\t<\/div>\n\t\t\t\t<div class=\"elementor-element elementor-element-de079b2 elementor-invisible elementor-widget elementor-widget-heading\" data-id=\"de079b2\" data-element_type=\"widget\" data-settings=\"{&quot;_animation&quot;:&quot;nussFadeInUp&quot;}\" data-widget_type=\"heading.default\">\n\t\t\t\t<div class=\"elementor-widget-container\">\n\t\t\t<style>\/*! elementor - v3.15.0 - 31-07-2023 *\/\n.elementor-heading-title{padding:0;margin:0;line-height:1}.elementor-widget-heading .elementor-heading-title[class*=elementor-size-]>a{color:inherit;font-size:inherit;line-height:inherit}.elementor-widget-heading .elementor-heading-title.elementor-size-small{font-size:15px}.elementor-widget-heading .elementor-heading-title.elementor-size-medium{font-size:19px}.elementor-widget-heading .elementor-heading-title.elementor-size-large{font-size:29px}.elementor-widget-heading .elementor-heading-title.elementor-size-xl{font-size:39px}.elementor-widget-heading .elementor-heading-title.elementor-size-xxl{font-size:59px}<\/style><h3 class=\"elementor-heading-title elementor-size-default\">Ponerse en contacto<\/h3>\t\t<\/div>\n\t\t\t\t<\/div>\n\t\t\t\t<div class=\"elementor-element elementor-element-56dc8e4 elementor-invisible elementor-widget elementor-widget-text-editor\" data-id=\"56dc8e4\" data-element_type=\"widget\" data-settings=\"{&quot;_animation&quot;:&quot;nussFadeInUp&quot;}\" data-widget_type=\"text-editor.default\">\n\t\t\t\t<div class=\"elementor-widget-container\">\n\t\t\t\t\t\t\t<p>Siempre estamos encantados de ayudarle.<\/p>\t\t\t\t\t\t<\/div>\n\t\t\t\t<\/div>\n\t\t\t\t\t<\/div>\n\t\t<\/div>\n\t\t\t\t\t\t\t<\/div>\n\t\t<\/section>\n\t\t\t\t<section class=\"elementor-section elementor-inner-section elementor-element elementor-element-4f334bf elementor-section-boxed elementor-section-height-default elementor-section-height-default elementor-section-column-vertical-align-stretch\" data-id=\"4f334bf\" data-element_type=\"section\">\n\t\t\t\t\t\t<div class=\"elementor-container elementor-column-gap-no\">\n\t\t\t\t\t<div class=\"elementor-column elementor-col-100 elementor-inner-column elementor-element elementor-element-7164257\" data-id=\"7164257\" data-element_type=\"column\">\n\t\t\t<div class=\"elementor-widget-wrap elementor-element-populated\">\n\t\t\t\t\t\t\t\t<div class=\"elementor-element elementor-element-1437f2a elementor-invisible elementor-widget elementor-widget-heading\" data-id=\"1437f2a\" data-element_type=\"widget\" data-settings=\"{&quot;_animation&quot;:&quot;nussFadeInUp&quot;}\" data-widget_type=\"heading.default\">\n\t\t\t\t<div class=\"elementor-widget-container\">\n\t\t\t<h4 class=\"elementor-heading-title elementor-size-default\">Nuestra ubicaci\u00f3n<\/h4>\t\t<\/div>\n\t\t\t\t<\/div>\n\t\t\t\t<div class=\"elementor-element elementor-element-f3c3f7f elementor-invisible elementor-widget elementor-widget-text-editor\" data-id=\"f3c3f7f\" data-element_type=\"widget\" data-settings=\"{&quot;_animation&quot;:&quot;nussFadeInUp&quot;}\" data-widget_type=\"text-editor.default\">\n\t\t\t\t<div class=\"elementor-widget-container\">\n\t\t\t\t\t\t\t<p>Ai Giannis, 31100 Lefkada, Grecia<\/p>\t\t\t\t\t\t<\/div>\n\t\t\t\t<\/div>\n\t\t\t\t\t<\/div>\n\t\t<\/div>\n\t\t\t\t\t\t\t<\/div>\n\t\t<\/section>\n\t\t\t\t<section class=\"elementor-section elementor-inner-section elementor-element elementor-element-1f4e975 elementor-section-boxed elementor-section-height-default elementor-section-height-default elementor-section-column-vertical-align-stretch\" data-id=\"1f4e975\" data-element_type=\"section\">\n\t\t\t\t\t\t<div class=\"elementor-container elementor-column-gap-no\">\n\t\t\t\t\t<div class=\"elementor-column elementor-col-100 elementor-inner-column elementor-element elementor-element-5b7574e\" data-id=\"5b7574e\" data-element_type=\"column\">\n\t\t\t<div class=\"elementor-widget-wrap elementor-element-populated\">\n\t\t\t\t\t\t\t\t<div class=\"elementor-element elementor-element-ed4c7b5 elementor-invisible elementor-widget elementor-widget-heading\" data-id=\"ed4c7b5\" data-element_type=\"widget\" data-settings=\"{&quot;_animation&quot;:&quot;nussFadeInUp&quot;}\" data-widget_type=\"heading.default\">\n\t\t\t\t<div class=\"elementor-widget-container\">\n\t\t\t<h4 class=\"elementor-heading-title elementor-size-default\">Tel\u00e9fono:<\/h4>\t\t<\/div>\n\t\t\t\t<\/div>\n\t\t\t\t<div class=\"elementor-element elementor-element-d91d88d elementor-invisible elementor-widget elementor-widget-text-editor\" data-id=\"d91d88d\" data-element_type=\"widget\" data-settings=\"{&quot;_animation&quot;:&quot;nussFadeInUp&quot;}\" data-widget_type=\"text-editor.default\">\n\t\t\t\t<div class=\"elementor-widget-container\">\n\t\t\t\t\t\t\t<i class=\"fal fa-phone\" aria-hidden=\"true\"><\/i> <a href=\"tel:00306976744681\">+30 6976744681<\/a>\t\t\t\t\t\t<\/div>\n\t\t\t\t<\/div>\n\t\t\t\t\t<\/div>\n\t\t<\/div>\n\t\t\t\t\t\t\t<\/div>\n\t\t<\/section>\n\t\t\t\t<section class=\"elementor-section elementor-inner-section elementor-element elementor-element-73fd493 elementor-section-boxed elementor-section-height-default elementor-section-height-default elementor-section-column-vertical-align-stretch\" data-id=\"73fd493\" data-element_type=\"section\">\n\t\t\t\t\t\t<div class=\"elementor-container elementor-column-gap-no\">\n\t\t\t\t\t<div class=\"elementor-column elementor-col-100 elementor-inner-column elementor-element elementor-element-9321400\" data-id=\"9321400\" data-element_type=\"column\">\n\t\t\t<div class=\"elementor-widget-wrap elementor-element-populated\">\n\t\t\t\t\t\t\t\t<div class=\"elementor-element elementor-element-5e19b17 elementor-invisible elementor-widget elementor-widget-heading\" data-id=\"5e19b17\" data-element_type=\"widget\" data-settings=\"{&quot;_animation&quot;:&quot;nussFadeInUp&quot;}\" data-widget_type=\"heading.default\">\n\t\t\t\t<div class=\"elementor-widget-container\">\n\t\t\t<h4 class=\"elementor-heading-title elementor-size-default\">Email:<\/h4>\t\t<\/div>\n\t\t\t\t<\/div>\n\t\t\t\t<div class=\"elementor-element elementor-element-aa161ac elementor-invisible elementor-widget elementor-widget-text-editor\" data-id=\"aa161ac\" data-element_type=\"widget\" data-settings=\"{&quot;_animation&quot;:&quot;nussFadeInUp&quot;}\" data-widget_type=\"text-editor.default\">\n\t\t\t\t<div class=\"elementor-widget-container\">\n\t\t\t\t\t\t\t<i class=\"fal fa-envelope\" aria-hidden=\"true\"><\/i> <a href=\"mailto:anmarialuxury@gmail.com\">anmarialuxury@gmail.com<\/a>\t\t\t\t\t\t<\/div>\n\t\t\t\t<\/div>\n\t\t\t\t\t<\/div>\n\t\t<\/div>\n\t\t\t\t\t\t\t<\/div>\n\t\t<\/section>\n\t\t\t\t<section class=\"elementor-section elementor-inner-section elementor-element elementor-element-aa572de elementor-section-boxed elementor-section-height-default elementor-section-height-default elementor-section-column-vertical-align-stretch\" data-id=\"aa572de\" data-element_type=\"section\">\n\t\t\t\t\t\t<div class=\"elementor-container elementor-column-gap-no\">\n\t\t\t\t\t<div class=\"elementor-column elementor-col-100 elementor-inner-column elementor-element elementor-element-eea77ac\" data-id=\"eea77ac\" data-element_type=\"column\">\n\t\t\t<div class=\"elementor-widget-wrap elementor-element-populated\">\n\t\t\t\t\t\t\t\t<div class=\"elementor-element elementor-element-b2ca17e elementor-invisible elementor-widget elementor-widget-heading\" data-id=\"b2ca17e\" data-element_type=\"widget\" data-settings=\"{&quot;_animation&quot;:&quot;nussFadeInUp&quot;}\" data-widget_type=\"heading.default\">\n\t\t\t\t<div class=\"elementor-widget-container\">\n\t\t\t<h4 class=\"elementor-heading-title elementor-size-default\">Encuentranos en el mapa<\/h4>\t\t<\/div>\n\t\t\t\t<\/div>\n\t\t\t\t<div class=\"elementor-element elementor-element-1853e28 elementor-invisible elementor-widget elementor-widget-text-editor\" data-id=\"1853e28\" data-element_type=\"widget\" data-settings=\"{&quot;_animation&quot;:&quot;nussFadeInUp&quot;}\" data-widget_type=\"text-editor.default\">\n\t\t\t\t<div class=\"elementor-widget-container\">\n\t\t\t\t\t\t\t<i class=\"fal fa-map\" aria-hidden=\"true\"><\/i> <a href=\"https:\/\/www.google.com\/maps\/place\/38%C2%B049'36.4%22N+20%C2%B041'16.1%22E\/@38.8267778,20.6878056,17z\/data=!3m1!4b1!4m4!3m3!8m2!3d38.8267778!4d20.6878056?hl=es&amp;entry=ttu\" target=\"_blank\" rel=\"noopener\">Obtener las direcciones<\/a>\t\t\t\t\t\t<\/div>\n\t\t\t\t<\/div>\n\t\t\t\t\t<\/div>\n\t\t<\/div>\n\t\t\t\t\t\t\t<\/div>\n\t\t<\/section>\n\t\t\t\t\t<\/div>\n\t\t<\/div>\n\t\t\t\t<div class=\"elementor-column elementor-col-50 elementor-top-column elementor-element elementor-element-6c2e4a8\" data-id=\"6c2e4a8\" data-element_type=\"column\">\n\t\t\t<div class=\"elementor-widget-wrap elementor-element-populated\">\n\t\t\t\t\t\t\t\t<div class=\"elementor-element elementor-element-fd40831 elementor-widget__width-initial elementor-absolute elementor-widget-mobile__width-inherit elementor-invisible nuss-elementor-loading nuss-slide-in-left elementor-widget elementor-widget-nuss-google-map\" data-id=\"fd40831\" data-element_type=\"widget\" data-settings=\"{&quot;_position&quot;:&quot;absolute&quot;,&quot;_animation&quot;:&quot;nussSlideInLeft&quot;}\" data-widget_type=\"nuss-google-map.default\">\n\t\t\t\t<div class=\"elementor-widget-container\">\n\t\t\t\t\t<div class=\"nuss-google-map marker-style-signal\">\r\n\t\t\t<div class=\"map\" data-height=\"600\"><\/div>\r\n\t\t\t<div class=\"map-options hide\">\r\n\t\t\t\t{\"settings\":{\"zoom\":12,\"mapTypeControl\":false,\"mapTypeId\":\"roadmap\",\"styles\":[{\"featureType\":\"all\",\"elementType\":\"all\",\"stylers\":[{\"saturation\":-100},{\"gamma\":0.5}]}],\"zoomControl\":true,\"scaleControl\":false,\"streetViewControl\":false,\"fullscreenControl\":false,\"scrollwheel\":true,\"draggable\":true,\"center\":[\"38.8267878711037\",\" 20.687816347101393\"]},\"marker\":[{\"position\":[\"38.8267878711037\",\" 20.687816347101393\"]}],\"overlay\":[{\"position\":[\"38.8267878711037\",\" 20.687816347101393\"],\"content\":\"\\u003Cdiv class=\\u0022nuss-map-overlay nuss-map-overlay- elementor-repeater-item-b00edcc\\u0022\\u003E\\u003Cdiv class=\\u0022gmap-info-wrapper style-signal\\u0022\\u003E\\u003Cdiv class=\\u0022animated-dot\\u0022\\u003E\\u003Cdiv class=\\u0022middle-dot\\u0022\\u003E\\u003C\\\/div\\u003E\\u003Cdiv class=\\u0022signal signal-1\\u0022\\u003E\\u003C\\\/div\\u003E\\u003Cdiv class=\\u0022signal signal-2\\u0022\\u003E\\u003C\\\/div\\u003E\\u003C\\\/div\\u003E\\u003Cdiv class=\\u0022nuss-map-overlay-template\\u0022\\u003E\\u003Cdiv class=\\u0022nuss-map-overlay-content\\u0022\\u003E\\u003Cdiv class=\\u0022nuss-map-overlay-info\\u0022\\u003E\\u003Cdiv class=\\u0022map-marker-image\\u0022\\u003E\\u003C\\\/div\\u003E\\u003Cdiv class=\\u0022map-marker-content\\u0022\\u003E\\u003Ch5 class=\\u0022map-marker-title\\u0022\\u003EAnmaria Luxury\\u003C\\\/h5\\u003E\\u003Cdiv class=\\u0022map-marker-description\\u0022\\u003E\\u200b\\u200bAi Giannis, 31100 Lefkada, Greece\\u003C\\\/div\\u003E\\u003C\\\/div\\u003E\\u003C\\\/div\\u003E\\u003C\\\/div\\u003E\\u003C\\\/div\\u003E\\u003C\\\/div\\u003E\\u003C\\\/div\\u003E\"}]}\t\t\t<\/div>\r\n\t\t<\/div>\r\n\t\t\t\t<\/div>\n\t\t\t\t<\/div>\n\t\t\t\t\t<\/div>\n\t\t<\/div>\n\t\t\t\t\t\t\t<\/div>\n\t\t<\/section>\n\t\t\t\t<section class=\"elementor-section elementor-top-section elementor-element elementor-element-f13336f elementor-section-boxed elementor-section-gap-beside-yes elementor-section-height-default elementor-section-height-default elementor-section-column-vertical-align-stretch\" data-id=\"f13336f\" data-element_type=\"section\" data-settings=\"{&quot;background_background&quot;:&quot;classic&quot;}\">\n\t\t\t\t\t\t\t<div class=\"elementor-background-overlay\"><\/div>\n\t\t\t\t\t\t\t<div class=\"elementor-container elementor-column-gap-extended\">\n\t\t\t\t\t<div class=\"elementor-column elementor-col-100 elementor-top-column elementor-element elementor-element-250b89da\" data-id=\"250b89da\" data-element_type=\"column\">\n\t\t\t<div class=\"elementor-widget-wrap elementor-element-populated\">\n\t\t\t\t\t\t\t\t<div class=\"elementor-element elementor-element-daca208 elementor-invisible elementor-widget elementor-widget-heading\" data-id=\"daca208\" data-element_type=\"widget\" data-settings=\"{&quot;_animation&quot;:&quot;nussFadeInUp&quot;}\" data-widget_type=\"heading.default\">\n\t\t\t\t<div class=\"elementor-widget-container\">\n\t\t\t<h2 class=\"elementor-heading-title elementor-size-default\">Villas de lujo en L\u00e9ucade<\/h2>\t\t<\/div>\n\t\t\t\t<\/div>\n\t\t\t\t<div class=\"elementor-element elementor-element-3870de85 elementor-invisible elementor-widget elementor-widget-text-editor\" data-id=\"3870de85\" data-element_type=\"widget\" data-settings=\"{&quot;_animation&quot;:&quot;nussFadeInUp&quot;}\" data-widget_type=\"text-editor.default\">\n\t\t\t\t<div class=\"elementor-widget-container\">\n\t\t\t\t\t\t\t<p>Las villas y suites de lujo de Anmaria se convertir\u00e1n en su destino ideal<br \/>\u00a1Para unas vacaciones de ensue\u00f1o en la isla de Lefkada!<\/p>\t\t\t\t\t\t<\/div>\n\t\t\t\t<\/div>\n\t\t\t\t<div class=\"elementor-element elementor-element-28c125da elementor-align-center elementor-widget elementor-widget-nuss-button\" data-id=\"28c125da\" data-element_type=\"widget\" data-widget_type=\"nuss-button.default\">\n\t\t\t\t<div class=\"elementor-widget-container\">\n\t\t\t\t\t<div class=\"nuss-ele-button-wrapper\">\r\n\t\t\t<a href=\"https:\/\/anmarialuxury.book-onlinenow.net\/index.aspx?Page=0&#038;lan_id=es-ES\" target=\"_blank\" class=\"nuss-ele-button-link nuss-ele-button style-border nuss-ele-button-nm\" role=\"button\">\r\n\t\t\t\t\t\t<div class=\"button-content-wrapper\">\r\n\t\t\t\r\n\t\t\t\t\t\t\t<span class=\"button-text\">Reservar ahora<\/span>\r\n\t\t\t\r\n\t\t\t\t\t<\/div>\r\n\t\t\r\n\t\t\t\t\t\t\t<\/a>\r\n\t\t<\/div>\r\n\t\t\t\t<\/div>\n\t\t\t\t<\/div>\n\t\t\t\t\t<\/div>\n\t\t<\/div>\n\t\t\t\t\t\t\t<\/div>\n\t\t<\/section>\n\t\t\t\t\t\t\t<\/div>\n\t\t","protected":false},"excerpt":{"rendered":"<p>Necesita ayuda con su Reserva, tiene alguna pregunta o necesita m\u00e1s informaci\u00f3n? Por favor cont\u00e1ctenos! CONT\u00c1CTENOS Ponerse en contacto Siempre estamos encantados de ayudarle. Nuestra ubicaci\u00f3n Ai Giannis, 31100 Lefkada, Grecia Tel\u00e9fono: +30 6976744681 Email: anmarialuxury@gmail.com Encuentranos en el mapa Obtener las direcciones {\u00absettings\u00bb:{\u00abzoom\u00bb:12,\u00bbmapTypeControl\u00bb:false,\u00bbmapTypeId\u00bb:\u00bbroadmap\u00bb,\u00bbstyles\u00bb:[{\u00abfeatureType\u00bb:\u00bball\u00bb,\u00bbelementType\u00bb:\u00bball\u00bb,\u00bbstylers\u00bb:[{\u00absaturation\u00bb:-100},{\u00abgamma\u00bb:0.5}]}],\u00bbzoomControl\u00bb:true,\u00bbscaleControl\u00bb:false,\u00bbstreetViewControl\u00bb:false,\u00bbfullscreenControl\u00bb:false,\u00bbscrollwheel\u00bb:true,\u00bbdraggable\u00bb:true,\u00bbcenter\u00bb:[\u00ab38.8267878711037&#8243;,\u00bb 20.687816347101393&#8243;]},\u00bbmarker\u00bb:[{\u00abposition\u00bb:[\u00ab38.8267878711037&#8243;,\u00bb 20.687816347101393&#8243;]}],\u00bboverlay\u00bb:[{\u00abposition\u00bb:[\u00ab38.8267878711037&#8243;,\u00bb 20.687816347101393&#8243;],\u00bbcontent\u00bb:\u00bbu003Cdiv class=u0022nuss-map-overlay nuss-map-overlay- elementor-repeater-item-b00edccu0022u003Eu003Cdiv class=u0022gmap-info-wrapper style-signalu0022u003Eu003Cdiv class=u0022animated-dotu0022u003Eu003Cdiv class=u0022middle-dotu0022u003Eu003C\/divu003Eu003Cdiv class=u0022signal [&hellip;]<\/p>\n","protected":false},"author":1,"featured_media":0,"parent":0,"menu_order":0,"comment_status":"closed","ping_status":"closed","template":"","meta":{"footnotes":""},"_links":{"self":[{"href":"https:\/\/anmarialuxury.com\/es\/wp-json\/wp\/v2\/pages\/9206"}],"collection":[{"href":"https:\/\/anmarialuxury.com\/es\/wp-json\/wp\/v2\/pages"}],"about":[{"href":"https:\/\/anmarialuxury.com\/es\/wp-json\/wp\/v2\/types\/page"}],"author":[{"embeddable":true,"href":"https:\/\/anmarialuxury.com\/es\/wp-json\/wp\/v2\/users\/1"}],"replies":[{"embeddable":true,"href":"https:\/\/anmarialuxury.com\/es\/wp-json\/wp\/v2\/comments?post=9206"}],"version-history":[{"count":11,"href":"https:\/\/anmarialuxury.com\/es\/wp-json\/wp\/v2\/pages\/9206\/revisions"}],"predecessor-version":[{"id":9691,"href":"https:\/\/anmarialuxury.com\/es\/wp-json\/wp\/v2\/pages\/9206\/revisions\/9691"}],"wp:attachment":[{"href":"https:\/\/anmarialuxury.com\/es\/wp-json\/wp\/v2\/media?parent=9206"}],"curies":[{"name":"wp","href":"https:\/\/api.w.org\/{rel}","templated":true}]}}